{"id":77,"date":"2021-09-01T01:10:38","date_gmt":"2021-08-31T22:10:38","guid":{"rendered":"https:\/\/www.tracsy.com.tr\/?page_id=77"},"modified":"2021-10-21T00:09:35","modified_gmt":"2021-10-20T21:09:35","slug":"siren-kontrol","status":"publish","type":"page","link":"https:\/\/www.tracsy.com.tr\/index.php\/siren-kontrol\/","title":{"rendered":"Siren\/Zil Kontrol Sistemi"},"content":{"rendered":"\t\t<div data-elementor-type=\"wp-page\" data-elementor-id=\"77\" class=\"elementor elementor-77\" data-elementor-settings=\"[]\">\n\t\t\t\t\t\t\t<div class=\"elementor-section-wrap\">\n\t\t\t\t\t\t\t<section class=\"elementor-section elementor-top-section elementor-element elementor-element-3d16148a elementor-section-boxed elementor-section-height-default elementor-section-height-default\" data-id=\"3d16148a\" data-element_type=\"section\">\n\t\t\t\t\t\t<div class=\"elementor-container elementor-column-gap-default\">\n\t\t\t\t\t<div class=\"elementor-column elementor-col-100 elementor-top-column elementor-element elementor-element-62aaf646\" data-id=\"62aaf646\" data-element_type=\"column\">\n\t\t\t<div class=\"elementor-widget-wrap elementor-element-populated\">\n\t\t\t\t\t\t\t\t<div class=\"elementor-element elementor-element-40990d0b elementor-widget elementor-widget-text-editor\" data-id=\"40990d0b\" data-element_type=\"widget\" data-widget_type=\"text-editor.default\">\n\t\t\t\t<div class=\"elementor-widget-container\">\n\t\t\t\t\t\t\t<p><!-- wp:list {\"ordered\":true,\"type\":\"1\"} --><\/p>\n<h6 style=\"text-align: center;\">\u00a0<\/h6>\n<h6>Fabrikan\u0131z\u0131 saniye saniyesine do\u011fru zamanda y\u00f6netmek i\u00e7in<\/h6>\n<h6>CNC ve Turnike kontrol sistemleri ile tam senkron \u00e7al\u0131\u015f\u0131r<\/h6>\n<h6>Sizin belirledi\u011finiz zamanda, sizin belirledi\u011finiz s\u00fcrede, istedi\u011finiz sirenler ayn\u0131 anda \u00e7alar<\/h6>\n<h6>Tatillerde gereksiz \u00e7almay\u0131 ve enerji t\u00fcketimini \u00f6nler<\/h6>\n<h6>\u00a0<\/h6>\n<p><!-- \/wp:list --><\/p>\n<p><!-- wp:gallery {\"ids\":[78,79],\"linkTo\":\"none\"} --><\/p>\n<figure class=\"wp-block-gallery columns-2 is-cropped\">\n<figure><\/figure>\n<p>\u00a0<\/p>\n<p>\u00a0<\/p>\n<div>\u00a0<\/div>\n<div>\u00a0<\/div>\n<\/figure>\n<p><!-- \/wp:gallery --><\/p>\n<p><!-- wp:paragraph --><\/p>\n<p><!-- \/wp:paragraph --><\/p>\t\t\t\t\t\t<\/div>\n\t\t\t\t<\/div>\n\t\t\t\t\t<\/div>\n\t\t<\/div>\n\t\t\t\t\t\t\t<\/div>\n\t\t<\/section>\n\t\t\t\t<section class=\"elementor-section elementor-top-section elementor-element elementor-element-2434025 elementor-section-boxed elementor-section-height-default elementor-section-height-default\" data-id=\"2434025\" data-element_type=\"section\">\n\t\t\t\t\t\t<div class=\"elementor-container elementor-column-gap-default\">\n\t\t\t\t\t<div class=\"elementor-column elementor-col-50 elementor-top-column elementor-element elementor-element-61c080d\" data-id=\"61c080d\" data-element_type=\"column\">\n\t\t\t<div class=\"elementor-widget-wrap elementor-element-populated\">\n\t\t\t\t\t\t\t\t<div class=\"elementor-element elementor-element-77f98a3 elementor-widget elementor-widget-image\" data-id=\"77f98a3\" data-element_type=\"widget\" data-widget_type=\"image.default\">\n\t\t\t\t<div class=\"elementor-widget-container\">\n\t\t\t\t\t\t\t\t\t\t\t\t\t\t\t<img decoding=\"async\" width=\"1024\" height=\"640\" src=\"https:\/\/www.tracsy.com.tr\/wp-content\/uploads\/2021\/10\/3-1024x640.jpg\" class=\"attachment-large size-large\" alt=\"\" loading=\"lazy\" srcset=\"https:\/\/www.tracsy.com.tr\/wp-content\/uploads\/2021\/10\/3-1024x640.jpg 1024w, https:\/\/www.tracsy.com.tr\/wp-content\/uploads\/2021\/10\/3-300x188.jpg 300w, https:\/\/www.tracsy.com.tr\/wp-content\/uploads\/2021\/10\/3-768x480.jpg 768w, https:\/\/www.tracsy.com.tr\/wp-content\/uploads\/2021\/10\/3-1536x960.jpg 1536w, https:\/\/www.tracsy.com.tr\/wp-content\/uploads\/2021\/10\/3-2048x1280.jpg 2048w\" sizes=\"(max-width: 1024px) 100vw, 1024px\" \/>\t\t\t\t\t\t\t\t\t\t\t\t\t\t\t<\/div>\n\t\t\t\t<\/div>\n\t\t\t\t\t<\/div>\n\t\t<\/div>\n\t\t\t\t<div class=\"elementor-column elementor-col-50 elementor-top-column elementor-element elementor-element-098a6a9\" data-id=\"098a6a9\" data-element_type=\"column\">\n\t\t\t<div class=\"elementor-widget-wrap elementor-element-populated\">\n\t\t\t\t\t\t\t\t<div class=\"elementor-element elementor-element-39de508 elementor-widget elementor-widget-image\" data-id=\"39de508\" data-element_type=\"widget\" data-widget_type=\"image.default\">\n\t\t\t\t<div class=\"elementor-widget-container\">\n\t\t\t\t\t\t\t\t\t\t\t\t\t\t\t<img decoding=\"async\" width=\"1024\" height=\"700\" src=\"https:\/\/www.tracsy.com.tr\/wp-content\/uploads\/2021\/10\/2-1024x700.jpg\" class=\"attachment-large size-large\" alt=\"\" loading=\"lazy\" srcset=\"https:\/\/www.tracsy.com.tr\/wp-content\/uploads\/2021\/10\/2-1024x700.jpg 1024w, https:\/\/www.tracsy.com.tr\/wp-content\/uploads\/2021\/10\/2-300x205.jpg 300w, https:\/\/www.tracsy.com.tr\/wp-content\/uploads\/2021\/10\/2-768x525.jpg 768w, https:\/\/www.tracsy.com.tr\/wp-content\/uploads\/2021\/10\/2-1536x1050.jpg 1536w, https:\/\/www.tracsy.com.tr\/wp-content\/uploads\/2021\/10\/2-2048x1400.jpg 2048w\" sizes=\"(max-width: 1024px) 100vw, 1024px\" \/>\t\t\t\t\t\t\t\t\t\t\t\t\t\t\t<\/div>\n\t\t\t\t<\/div>\n\t\t\t\t\t<\/div>\n\t\t<\/div>\n\t\t\t\t\t\t\t<\/div>\n\t\t<\/section>\n\t\t\t\t<section class=\"elementor-section elementor-top-section elementor-element elementor-element-543817c elementor-section-boxed elementor-section-height-default elementor-section-height-default\" data-id=\"543817c\" data-element_type=\"section\">\n\t\t\t\t\t\t<div class=\"elementor-container elementor-column-gap-default\">\n\t\t\t\t\t<div class=\"elementor-column elementor-col-50 elementor-top-column elementor-element elementor-element-ed0af88\" data-id=\"ed0af88\" data-element_type=\"column\">\n\t\t\t<div class=\"elementor-widget-wrap elementor-element-populated\">\n\t\t\t\t\t\t\t\t<div class=\"elementor-element elementor-element-ff314b8 elementor-widget elementor-widget-image\" data-id=\"ff314b8\" data-element_type=\"widget\" data-widget_type=\"image.default\">\n\t\t\t\t<div class=\"elementor-widget-container\">\n\t\t\t\t\t\t\t\t\t\t\t\t\t\t\t<img decoding=\"async\" width=\"1024\" height=\"694\" src=\"https:\/\/www.tracsy.com.tr\/wp-content\/uploads\/2021\/09\/4-1024x694.jpg\" class=\"attachment-large size-large\" alt=\"\" loading=\"lazy\" srcset=\"https:\/\/www.tracsy.com.tr\/wp-content\/uploads\/2021\/09\/4-1024x694.jpg 1024w, https:\/\/www.tracsy.com.tr\/wp-content\/uploads\/2021\/09\/4-300x203.jpg 300w, https:\/\/www.tracsy.com.tr\/wp-content\/uploads\/2021\/09\/4-768x521.jpg 768w, https:\/\/www.tracsy.com.tr\/wp-content\/uploads\/2021\/09\/4-1536x1041.jpg 1536w, https:\/\/www.tracsy.com.tr\/wp-content\/uploads\/2021\/09\/4-2048x1388.jpg 2048w\" sizes=\"(max-width: 1024px) 100vw, 1024px\" \/>\t\t\t\t\t\t\t\t\t\t\t\t\t\t\t<\/div>\n\t\t\t\t<\/div>\n\t\t\t\t\t<\/div>\n\t\t<\/div>\n\t\t\t\t<div class=\"elementor-column elementor-col-50 elementor-top-column elementor-element elementor-element-d7c41ad\" data-id=\"d7c41ad\" data-element_type=\"column\">\n\t\t\t<div class=\"elementor-widget-wrap elementor-element-populated\">\n\t\t\t\t\t\t\t\t<div class=\"elementor-element elementor-element-ab9f350 elementor-widget elementor-widget-image\" data-id=\"ab9f350\" data-element_type=\"widget\" data-widget_type=\"image.default\">\n\t\t\t\t<div class=\"elementor-widget-container\">\n\t\t\t\t\t\t\t\t\t\t\t\t\t\t\t<img decoding=\"async\" width=\"1024\" height=\"726\" src=\"https:\/\/www.tracsy.com.tr\/wp-content\/uploads\/2021\/09\/5-1024x726.jpg\" class=\"attachment-large size-large\" alt=\"\" loading=\"lazy\" srcset=\"https:\/\/www.tracsy.com.tr\/wp-content\/uploads\/2021\/09\/5-1024x726.jpg 1024w, https:\/\/www.tracsy.com.tr\/wp-content\/uploads\/2021\/09\/5-300x213.jpg 300w, https:\/\/www.tracsy.com.tr\/wp-content\/uploads\/2021\/09\/5-768x544.jpg 768w, https:\/\/www.tracsy.com.tr\/wp-content\/uploads\/2021\/09\/5-1536x1089.jpg 1536w, https:\/\/www.tracsy.com.tr\/wp-content\/uploads\/2021\/09\/5-2048x1452.jpg 2048w\" sizes=\"(max-width: 1024px) 100vw, 1024px\" \/>\t\t\t\t\t\t\t\t\t\t\t\t\t\t\t<\/div>\n\t\t\t\t<\/div>\n\t\t\t\t\t<\/div>\n\t\t<\/div>\n\t\t\t\t\t\t\t<\/div>\n\t\t<\/section>\n\t\t\t\t<section class=\"elementor-section elementor-top-section elementor-element elementor-element-1e3a751 elementor-section-boxed elementor-section-height-default elementor-section-height-default\" data-id=\"1e3a751\" data-element_type=\"section\">\n\t\t\t\t\t\t<div class=\"elementor-container elementor-column-gap-default\">\n\t\t\t\t\t<div class=\"elementor-column elementor-col-50 elementor-top-column elementor-element elementor-element-d3771c5\" data-id=\"d3771c5\" data-element_type=\"column\">\n\t\t\t<div class=\"elementor-widget-wrap elementor-element-populated\">\n\t\t\t\t\t\t\t\t<div class=\"elementor-element elementor-element-135b65b elementor-aspect-ratio-169 elementor-widget elementor-widget-video\" data-id=\"135b65b\" data-element_type=\"widget\" data-settings=\"{&quot;video_type&quot;:&quot;hosted&quot;,&quot;autoplay&quot;:&quot;yes&quot;,&quot;loop&quot;:&quot;yes&quot;,&quot;aspect_ratio&quot;:&quot;169&quot;}\" data-widget_type=\"video.default\">\n\t\t\t\t<div class=\"elementor-widget-container\">\n\t\t\t\t\t<div class=\"e-hosted-video elementor-wrapper elementor-fit-aspect-ratio elementor-open-inline\">\n\t\t\t\t\t<video class=\"elementor-video\" src=\"https:\/\/www.tracsy.com.tr\/wp-content\/uploads\/2021\/10\/sirenppoe-1.mp4\" autoplay=\"\" loop=\"\" controlsList=\"nodownload\"><\/video>\n\t\t\t\t<\/div>\n\t\t\t\t<\/div>\n\t\t\t\t<\/div>\n\t\t\t\t\t<\/div>\n\t\t<\/div>\n\t\t\t\t<div class=\"elementor-column elementor-col-50 elementor-top-column elementor-element elementor-element-1cc607a\" data-id=\"1cc607a\" data-element_type=\"column\">\n\t\t\t<div class=\"elementor-widget-wrap elementor-element-populated\">\n\t\t\t\t\t\t\t\t<div class=\"elementor-element elementor-element-5fa0eca elementor-aspect-ratio-169 elementor-widget elementor-widget-video\" data-id=\"5fa0eca\" data-element_type=\"widget\" data-settings=\"{&quot;video_type&quot;:&quot;hosted&quot;,&quot;autoplay&quot;:&quot;yes&quot;,&quot;loop&quot;:&quot;yes&quot;,&quot;aspect_ratio&quot;:&quot;169&quot;}\" data-widget_type=\"video.default\">\n\t\t\t\t<div class=\"elementor-widget-container\">\n\t\t\t\t\t<div class=\"e-hosted-video elementor-wrapper elementor-fit-aspect-ratio elementor-open-inline\">\n\t\t\t\t\t<video class=\"elementor-video\" src=\"https:\/\/www.tracsy.com.tr\/wp-content\/uploads\/2021\/10\/sirenppoee-2.mp4\" autoplay=\"\" loop=\"\" controlsList=\"nodownload\"><\/video>\n\t\t\t\t<\/div>\n\t\t\t\t<\/div>\n\t\t\t\t<\/div>\n\t\t\t\t\t<\/div>\n\t\t<\/div>\n\t\t\t\t\t\t\t<\/div>\n\t\t<\/section>\n\t\t\t\t\t\t<\/div>\n\t\t\t\t\t<\/div>\n\t\t","protected":false},"excerpt":{"rendered":"<p>\u00a0 Fabrikan\u0131z\u0131 saniye saniyesine do\u011fru zamanda y\u00f6netmek i\u00e7in CNC ve Turnike kontrol sistemleri ile tam senkron \u00e7al\u0131\u015f\u0131r Sizin belirledi\u011finiz zamanda, sizin belirledi\u011finiz s\u00fcrede, istedi\u011finiz sirenler ayn\u0131 anda \u00e7alar Tatillerde gereksiz \u00e7almay\u0131 ve enerji t\u00fcketimini \u00f6nler \u00a0 https:\/\/www.tracsy.com.tr\/wp-content\/uploads\/2021\/10\/sirenppoe-1.mp4https:\/\/www.tracsy.com.tr\/wp-content\/uploads\/2021\/10\/sirenppoee-2.mp4<\/p>\n","protected":false},"author":2,"featured_media":0,"parent":0,"menu_order":0,"comment_status":"closed","ping_status":"closed","template":"","meta":[],"yoast_head":"<!-- This site is optimized with the Yoast SEO plugin v17.2.1 - https:\/\/yoast.com\/wordpress\/plugins\/seo\/ -->\n<title>Siren\/Zil Kontrol Sistemi -<\/title>\n<meta name=\"robots\" content=\"noindex, follow, max-snippet:-1, max-image-preview:large, max-video-preview:-1\" \/>\n<meta property=\"og:locale\" content=\"tr_TR\" \/>\n<meta property=\"og:type\" content=\"article\" \/>\n<meta property=\"og:title\" content=\"Siren\/Zil Kontrol Sistemi -\" \/>\n<meta property=\"og:description\" content=\"\u00a0 Fabrikan\u0131z\u0131 saniye saniyesine do\u011fru zamanda y\u00f6netmek i\u00e7in CNC ve Turnike kontrol sistemleri ile tam senkron \u00e7al\u0131\u015f\u0131r Sizin belirledi\u011finiz zamanda, sizin belirledi\u011finiz s\u00fcrede, istedi\u011finiz sirenler ayn\u0131 anda \u00e7alar Tatillerde gereksiz \u00e7almay\u0131 ve enerji t\u00fcketimini \u00f6nler \u00a0 https:\/\/www.tracsy.com.tr\/wp-content\/uploads\/2021\/10\/sirenppoe-1.mp4https:\/\/www.tracsy.com.tr\/wp-content\/uploads\/2021\/10\/sirenppoee-2.mp4\" \/>\n<meta property=\"og:url\" content=\"https:\/\/www.tracsy.com.tr\/index.php\/siren-kontrol\/\" \/>\n<meta property=\"article:modified_time\" content=\"2021-10-20T21:09:35+00:00\" \/>\n<meta property=\"og:image\" content=\"https:\/\/www.tracsy.com.tr\/wp-content\/uploads\/2021\/10\/3-1024x640.jpg\" \/>\n<meta name=\"twitter:card\" content=\"summary_large_image\" \/>\n<meta name=\"twitter:label1\" content=\"Tahmini okuma s\u00fcresi\" \/>\n\t<meta name=\"twitter:data1\" content=\"1 dakika\" \/>\n<script type=\"application\/ld+json\" class=\"yoast-schema-graph\">{\"@context\":\"https:\/\/schema.org\",\"@graph\":[{\"@type\":\"WebSite\",\"@id\":\"https:\/\/www.tracsy.com.tr\/#website\",\"url\":\"https:\/\/www.tracsy.com.tr\/\",\"name\":\"\",\"description\":\"\",\"potentialAction\":[{\"@type\":\"SearchAction\",\"target\":{\"@type\":\"EntryPoint\",\"urlTemplate\":\"https:\/\/www.tracsy.com.tr\/?s={search_term_string}\"},\"query-input\":\"required name=search_term_string\"}],\"inLanguage\":\"tr\"},{\"@type\":\"ImageObject\",\"@id\":\"https:\/\/www.tracsy.com.tr\/index.php\/siren-kontrol\/#primaryimage\",\"inLanguage\":\"tr\",\"url\":\"https:\/\/www.tracsy.com.tr\/wp-content\/uploads\/2021\/10\/3-scaled.jpg\",\"contentUrl\":\"https:\/\/www.tracsy.com.tr\/wp-content\/uploads\/2021\/10\/3-scaled.jpg\",\"width\":2560,\"height\":1601},{\"@type\":\"WebPage\",\"@id\":\"https:\/\/www.tracsy.com.tr\/index.php\/siren-kontrol\/#webpage\",\"url\":\"https:\/\/www.tracsy.com.tr\/index.php\/siren-kontrol\/\",\"name\":\"Siren\/Zil Kontrol Sistemi -\",\"isPartOf\":{\"@id\":\"https:\/\/www.tracsy.com.tr\/#website\"},\"primaryImageOfPage\":{\"@id\":\"https:\/\/www.tracsy.com.tr\/index.php\/siren-kontrol\/#primaryimage\"},\"datePublished\":\"2021-08-31T22:10:38+00:00\",\"dateModified\":\"2021-10-20T21:09:35+00:00\",\"breadcrumb\":{\"@id\":\"https:\/\/www.tracsy.com.tr\/index.php\/siren-kontrol\/#breadcrumb\"},\"inLanguage\":\"tr\",\"potentialAction\":[{\"@type\":\"ReadAction\",\"target\":[\"https:\/\/www.tracsy.com.tr\/index.php\/siren-kontrol\/\"]}]},{\"@type\":\"BreadcrumbList\",\"@id\":\"https:\/\/www.tracsy.com.tr\/index.php\/siren-kontrol\/#breadcrumb\",\"itemListElement\":[{\"@type\":\"ListItem\",\"position\":1,\"name\":\"Anasayfa\",\"item\":\"https:\/\/www.tracsy.com.tr\/\"},{\"@type\":\"ListItem\",\"position\":2,\"name\":\"Siren\/Zil Kontrol Sistemi\"}]}]}<\/script>\n<!-- \/ Yoast SEO plugin. -->","yoast_head_json":{"title":"Siren\/Zil Kontrol Sistemi -","robots":{"index":"noindex","follow":"follow","max-snippet":"max-snippet:-1","max-image-preview":"max-image-preview:large","max-video-preview":"max-video-preview:-1"},"og_locale":"tr_TR","og_type":"article","og_title":"Siren\/Zil Kontrol Sistemi -","og_description":"\u00a0 Fabrikan\u0131z\u0131 saniye saniyesine do\u011fru zamanda y\u00f6netmek i\u00e7in CNC ve Turnike kontrol sistemleri ile tam senkron \u00e7al\u0131\u015f\u0131r Sizin belirledi\u011finiz zamanda, sizin belirledi\u011finiz s\u00fcrede, istedi\u011finiz sirenler ayn\u0131 anda \u00e7alar Tatillerde gereksiz \u00e7almay\u0131 ve enerji t\u00fcketimini \u00f6nler \u00a0 https:\/\/www.tracsy.com.tr\/wp-content\/uploads\/2021\/10\/sirenppoe-1.mp4https:\/\/www.tracsy.com.tr\/wp-content\/uploads\/2021\/10\/sirenppoee-2.mp4","og_url":"https:\/\/www.tracsy.com.tr\/index.php\/siren-kontrol\/","article_modified_time":"2021-10-20T21:09:35+00:00","og_image":[{"url":"https:\/\/www.tracsy.com.tr\/wp-content\/uploads\/2021\/10\/3-1024x640.jpg"}],"twitter_card":"summary_large_image","twitter_misc":{"Tahmini okuma s\u00fcresi":"1 dakika"},"schema":{"@context":"https:\/\/schema.org","@graph":[{"@type":"WebSite","@id":"https:\/\/www.tracsy.com.tr\/#website","url":"https:\/\/www.tracsy.com.tr\/","name":"","description":"","potentialAction":[{"@type":"SearchAction","target":{"@type":"EntryPoint","urlTemplate":"https:\/\/www.tracsy.com.tr\/?s={search_term_string}"},"query-input":"required name=search_term_string"}],"inLanguage":"tr"},{"@type":"ImageObject","@id":"https:\/\/www.tracsy.com.tr\/index.php\/siren-kontrol\/#primaryimage","inLanguage":"tr","url":"https:\/\/www.tracsy.com.tr\/wp-content\/uploads\/2021\/10\/3-scaled.jpg","contentUrl":"https:\/\/www.tracsy.com.tr\/wp-content\/uploads\/2021\/10\/3-scaled.jpg","width":2560,"height":1601},{"@type":"WebPage","@id":"https:\/\/www.tracsy.com.tr\/index.php\/siren-kontrol\/#webpage","url":"https:\/\/www.tracsy.com.tr\/index.php\/siren-kontrol\/","name":"Siren\/Zil Kontrol Sistemi -","isPartOf":{"@id":"https:\/\/www.tracsy.com.tr\/#website"},"primaryImageOfPage":{"@id":"https:\/\/www.tracsy.com.tr\/index.php\/siren-kontrol\/#primaryimage"},"datePublished":"2021-08-31T22:10:38+00:00","dateModified":"2021-10-20T21:09:35+00:00","breadcrumb":{"@id":"https:\/\/www.tracsy.com.tr\/index.php\/siren-kontrol\/#breadcrumb"},"inLanguage":"tr","potentialAction":[{"@type":"ReadAction","target":["https:\/\/www.tracsy.com.tr\/index.php\/siren-kontrol\/"]}]},{"@type":"BreadcrumbList","@id":"https:\/\/www.tracsy.com.tr\/index.php\/siren-kontrol\/#breadcrumb","itemListElement":[{"@type":"ListItem","position":1,"name":"Anasayfa","item":"https:\/\/www.tracsy.com.tr\/"},{"@type":"ListItem","position":2,"name":"Siren\/Zil Kontrol Sistemi"}]}]}},"_links":{"self":[{"href":"https:\/\/www.tracsy.com.tr\/index.php\/wp-json\/wp\/v2\/pages\/77"}],"collection":[{"href":"https:\/\/www.tracsy.com.tr\/index.php\/wp-json\/wp\/v2\/pages"}],"about":[{"href":"https:\/\/www.tracsy.com.tr\/index.php\/wp-json\/wp\/v2\/types\/page"}],"author":[{"embeddable":true,"href":"https:\/\/www.tracsy.com.tr\/index.php\/wp-json\/wp\/v2\/users\/2"}],"replies":[{"embeddable":true,"href":"https:\/\/www.tracsy.com.tr\/index.php\/wp-json\/wp\/v2\/comments?post=77"}],"version-history":[{"count":83,"href":"https:\/\/www.tracsy.com.tr\/index.php\/wp-json\/wp\/v2\/pages\/77\/revisions"}],"predecessor-version":[{"id":635,"href":"https:\/\/www.tracsy.com.tr\/index.php\/wp-json\/wp\/v2\/pages\/77\/revisions\/635"}],"wp:attachment":[{"href":"https:\/\/www.tracsy.com.tr\/index.php\/wp-json\/wp\/v2\/media?parent=77"}],"curies":[{"name":"wp","href":"https:\/\/api.w.org\/{rel}","templated":true}]}}