{"id":65,"date":"2021-09-01T00:54:40","date_gmt":"2021-08-31T21:54:40","guid":{"rendered":"https:\/\/www.tracsy.com.tr\/?page_id=65"},"modified":"2021-10-21T00:19:38","modified_gmt":"2021-10-20T21:19:38","slug":"turnike-kontrol","status":"publish","type":"page","link":"https:\/\/www.tracsy.com.tr\/index.php\/turnike-kontrol\/","title":{"rendered":"Kap\u0131\/Turnike Kontrol Sistemi"},"content":{"rendered":"\t\t<div data-elementor-type=\"wp-page\" data-elementor-id=\"65\" class=\"elementor elementor-65\" data-elementor-settings=\"[]\">\n\t\t\t\t\t\t\t<div class=\"elementor-section-wrap\">\n\t\t\t\t\t\t\t<section class=\"elementor-section elementor-top-section elementor-element elementor-element-5cf04356 elementor-section-content-middle elementor-section-full_width elementor-section-height-default elementor-section-height-default\" data-id=\"5cf04356\" data-element_type=\"section\">\n\t\t\t\t\t\t<div class=\"elementor-container elementor-column-gap-default\">\n\t\t\t\t\t<div class=\"elementor-column elementor-col-100 elementor-top-column elementor-element elementor-element-79415107\" data-id=\"79415107\" data-element_type=\"column\">\n\t\t\t<div class=\"elementor-widget-wrap elementor-element-populated\">\n\t\t\t\t\t\t\t\t<div class=\"elementor-element elementor-element-d311830 elementor-widget__width-inherit elementor-widget elementor-widget-text-editor\" data-id=\"d311830\" data-element_type=\"widget\" data-widget_type=\"text-editor.default\">\n\t\t\t\t<div class=\"elementor-widget-container\">\n\t\t\t\t\t\t\t<h6>\u0130\u015fletme giri\u015f \u00e7\u0131k\u0131\u015f turnikelerinizi tam istedi\u011finiz zamanda istedi\u011finiz s\u00fcreyle \u00e7al\u0131\u015ft\u0131rmak yada durdurmak i\u00e7in<\/h6><h6><br \/>CNC ve Siren kontrol sistemleri ile tam senkron \u00e7al\u0131\u015f\u0131r<\/h6><h6><br \/>Tatillerde gereksiz \u00e7al\u0131\u015fmay\u0131 ve enerji t\u00fcketimini \u00f6nler.<\/h6>\t\t\t\t\t\t<\/div>\n\t\t\t\t<\/div>\n\t\t\t\t\t<\/div>\n\t\t<\/div>\n\t\t\t\t\t\t\t<\/div>\n\t\t<\/section>\n\t\t\t\t<section class=\"elementor-section elementor-top-section elementor-element elementor-element-689a6c8 elementor-section-boxed elementor-section-height-default elementor-section-height-default\" data-id=\"689a6c8\" data-element_type=\"section\">\n\t\t\t\t\t\t<div class=\"elementor-container elementor-column-gap-default\">\n\t\t\t\t\t<div class=\"elementor-column elementor-col-50 elementor-top-column elementor-element elementor-element-5a8b6c3\" data-id=\"5a8b6c3\" data-element_type=\"column\">\n\t\t\t<div class=\"elementor-widget-wrap elementor-element-populated\">\n\t\t\t\t\t\t\t\t<div class=\"elementor-element elementor-element-aa87406 elementor-widget elementor-widget-image\" data-id=\"aa87406\" data-element_type=\"widget\" data-widget_type=\"image.default\">\n\t\t\t\t<div class=\"elementor-widget-container\">\n\t\t\t\t\t\t\t\t\t\t\t\t\t\t\t<img decoding=\"async\" width=\"1024\" height=\"768\" src=\"https:\/\/www.tracsy.com.tr\/wp-content\/uploads\/2021\/09\/gate1-1024x768.jpg\" class=\"attachment-large size-large\" alt=\"\" loading=\"lazy\" srcset=\"https:\/\/www.tracsy.com.tr\/wp-content\/uploads\/2021\/09\/gate1-1024x768.jpg 1024w, https:\/\/www.tracsy.com.tr\/wp-content\/uploads\/2021\/09\/gate1-300x225.jpg 300w, https:\/\/www.tracsy.com.tr\/wp-content\/uploads\/2021\/09\/gate1-768x576.jpg 768w, https:\/\/www.tracsy.com.tr\/wp-content\/uploads\/2021\/09\/gate1-1536x1152.jpg 1536w, https:\/\/www.tracsy.com.tr\/wp-content\/uploads\/2021\/09\/gate1-2048x1536.jpg 2048w\" sizes=\"(max-width: 1024px) 100vw, 1024px\" \/>\t\t\t\t\t\t\t\t\t\t\t\t\t\t\t<\/div>\n\t\t\t\t<\/div>\n\t\t\t\t\t<\/div>\n\t\t<\/div>\n\t\t\t\t<div class=\"elementor-column elementor-col-50 elementor-top-column elementor-element elementor-element-c4ea1fe\" data-id=\"c4ea1fe\" data-element_type=\"column\">\n\t\t\t<div class=\"elementor-widget-wrap elementor-element-populated\">\n\t\t\t\t\t\t\t\t<div class=\"elementor-element elementor-element-079b8ae elementor-widget elementor-widget-image\" data-id=\"079b8ae\" data-element_type=\"widget\" data-widget_type=\"image.default\">\n\t\t\t\t<div class=\"elementor-widget-container\">\n\t\t\t\t\t\t\t\t\t\t\t\t\t\t\t<img decoding=\"async\" width=\"1024\" height=\"634\" src=\"https:\/\/www.tracsy.com.tr\/wp-content\/uploads\/2021\/10\/gate2-1024x634.jpg\" class=\"attachment-large size-large\" alt=\"\" loading=\"lazy\" srcset=\"https:\/\/www.tracsy.com.tr\/wp-content\/uploads\/2021\/10\/gate2-1024x634.jpg 1024w, https:\/\/www.tracsy.com.tr\/wp-content\/uploads\/2021\/10\/gate2-300x186.jpg 300w, https:\/\/www.tracsy.com.tr\/wp-content\/uploads\/2021\/10\/gate2-768x475.jpg 768w, https:\/\/www.tracsy.com.tr\/wp-content\/uploads\/2021\/10\/gate2-1536x951.jpg 1536w, https:\/\/www.tracsy.com.tr\/wp-content\/uploads\/2021\/10\/gate2-2048x1268.jpg 2048w\" sizes=\"(max-width: 1024px) 100vw, 1024px\" \/>\t\t\t\t\t\t\t\t\t\t\t\t\t\t\t<\/div>\n\t\t\t\t<\/div>\n\t\t\t\t\t<\/div>\n\t\t<\/div>\n\t\t\t\t\t\t\t<\/div>\n\t\t<\/section>\n\t\t\t\t<section class=\"elementor-section elementor-top-section elementor-element elementor-element-cd745f6 elementor-section-boxed elementor-section-height-default elementor-section-height-default\" data-id=\"cd745f6\" data-element_type=\"section\">\n\t\t\t\t\t\t<div class=\"elementor-container elementor-column-gap-default\">\n\t\t\t\t\t<div class=\"elementor-column elementor-col-50 elementor-top-column elementor-element elementor-element-a11b706\" data-id=\"a11b706\" data-element_type=\"column\">\n\t\t\t<div class=\"elementor-widget-wrap elementor-element-populated\">\n\t\t\t\t\t\t\t\t<div class=\"elementor-element elementor-element-5e3c9c6 elementor-widget elementor-widget-image\" data-id=\"5e3c9c6\" data-element_type=\"widget\" data-widget_type=\"image.default\">\n\t\t\t\t<div class=\"elementor-widget-container\">\n\t\t\t\t\t\t\t\t\t\t\t\t\t\t\t<img decoding=\"async\" width=\"1024\" height=\"687\" src=\"https:\/\/www.tracsy.com.tr\/wp-content\/uploads\/2021\/10\/MG_9060-scaled-e1634762776162-1024x687.jpg\" class=\"attachment-large size-large\" alt=\"\" loading=\"lazy\" srcset=\"https:\/\/www.tracsy.com.tr\/wp-content\/uploads\/2021\/10\/MG_9060-scaled-e1634762776162-1024x687.jpg 1024w, https:\/\/www.tracsy.com.tr\/wp-content\/uploads\/2021\/10\/MG_9060-scaled-e1634762776162-300x201.jpg 300w, https:\/\/www.tracsy.com.tr\/wp-content\/uploads\/2021\/10\/MG_9060-scaled-e1634762776162-768x515.jpg 768w\" sizes=\"(max-width: 1024px) 100vw, 1024px\" \/>\t\t\t\t\t\t\t\t\t\t\t\t\t\t\t<\/div>\n\t\t\t\t<\/div>\n\t\t\t\t\t<\/div>\n\t\t<\/div>\n\t\t\t\t<div class=\"elementor-column elementor-col-50 elementor-top-column elementor-element elementor-element-e1b78b1\" data-id=\"e1b78b1\" data-element_type=\"column\">\n\t\t\t<div class=\"elementor-widget-wrap elementor-element-populated\">\n\t\t\t\t\t\t\t\t<div class=\"elementor-element elementor-element-066bd52 elementor-widget elementor-widget-image\" data-id=\"066bd52\" data-element_type=\"widget\" data-widget_type=\"image.default\">\n\t\t\t\t<div class=\"elementor-widget-container\">\n\t\t\t\t\t\t\t\t\t\t\t\t\t\t\t<img decoding=\"async\" width=\"1024\" height=\"683\" src=\"https:\/\/www.tracsy.com.tr\/wp-content\/uploads\/2021\/10\/MG_9074-1024x683.jpg\" class=\"attachment-large size-large\" alt=\"\" loading=\"lazy\" srcset=\"https:\/\/www.tracsy.com.tr\/wp-content\/uploads\/2021\/10\/MG_9074-1024x683.jpg 1024w, https:\/\/www.tracsy.com.tr\/wp-content\/uploads\/2021\/10\/MG_9074-300x200.jpg 300w, https:\/\/www.tracsy.com.tr\/wp-content\/uploads\/2021\/10\/MG_9074-768x512.jpg 768w, https:\/\/www.tracsy.com.tr\/wp-content\/uploads\/2021\/10\/MG_9074-1536x1024.jpg 1536w, https:\/\/www.tracsy.com.tr\/wp-content\/uploads\/2021\/10\/MG_9074-2048x1365.jpg 2048w\" sizes=\"(max-width: 1024px) 100vw, 1024px\" \/>\t\t\t\t\t\t\t\t\t\t\t\t\t\t\t<\/div>\n\t\t\t\t<\/div>\n\t\t\t\t\t<\/div>\n\t\t<\/div>\n\t\t\t\t\t\t\t<\/div>\n\t\t<\/section>\n\t\t\t\t<section class=\"elementor-section elementor-top-section elementor-element elementor-element-60e4ce2 elementor-section-boxed elementor-section-height-default elementor-section-height-default\" data-id=\"60e4ce2\" data-element_type=\"section\">\n\t\t\t\t\t\t<div class=\"elementor-container elementor-column-gap-default\">\n\t\t\t\t\t<div class=\"elementor-column elementor-col-50 elementor-top-column elementor-element elementor-element-a4bf4aa\" data-id=\"a4bf4aa\" data-element_type=\"column\">\n\t\t\t<div class=\"elementor-widget-wrap elementor-element-populated\">\n\t\t\t\t\t\t\t\t<div class=\"elementor-element elementor-element-f35b21a elementor-widget__width-initial elementor-aspect-ratio-169 elementor-widget elementor-widget-video\" data-id=\"f35b21a\" data-element_type=\"widget\" data-settings=\"{&quot;video_type&quot;:&quot;hosted&quot;,&quot;autoplay&quot;:&quot;yes&quot;,&quot;loop&quot;:&quot;yes&quot;,&quot;aspect_ratio&quot;:&quot;169&quot;}\" data-widget_type=\"video.default\">\n\t\t\t\t<div class=\"elementor-widget-container\">\n\t\t\t\t\t<div class=\"e-hosted-video elementor-wrapper elementor-fit-aspect-ratio elementor-open-inline\">\n\t\t\t\t\t<video class=\"elementor-video\" src=\"https:\/\/www.tracsy.com.tr\/wp-content\/uploads\/2021\/10\/gatemic-1.mp4\" autoplay=\"\" loop=\"\" controlsList=\"nodownload\"><\/video>\n\t\t\t\t<\/div>\n\t\t\t\t<\/div>\n\t\t\t\t<\/div>\n\t\t\t\t\t<\/div>\n\t\t<\/div>\n\t\t\t\t<div class=\"elementor-column elementor-col-50 elementor-top-column elementor-element elementor-element-ad0c46d\" data-id=\"ad0c46d\" data-element_type=\"column\">\n\t\t\t<div class=\"elementor-widget-wrap elementor-element-populated\">\n\t\t\t\t\t\t\t\t<div class=\"elementor-element elementor-element-9b6a077 elementor-widget__width-initial elementor-aspect-ratio-169 elementor-widget elementor-widget-video\" data-id=\"9b6a077\" data-element_type=\"widget\" data-settings=\"{&quot;video_type&quot;:&quot;hosted&quot;,&quot;autoplay&quot;:&quot;yes&quot;,&quot;play_on_mobile&quot;:&quot;yes&quot;,&quot;loop&quot;:&quot;yes&quot;,&quot;aspect_ratio&quot;:&quot;169&quot;}\" data-widget_type=\"video.default\">\n\t\t\t\t<div class=\"elementor-widget-container\">\n\t\t\t\t\t<div class=\"e-hosted-video elementor-wrapper elementor-fit-aspect-ratio elementor-open-inline\">\n\t\t\t\t\t<video class=\"elementor-video\" src=\"https:\/\/www.tracsy.com.tr\/wp-content\/uploads\/2021\/09\/gate2360.mp4\" autoplay=\"\" loop=\"\" playsinline=\"\" controlsList=\"nodownload\"><\/video>\n\t\t\t\t<\/div>\n\t\t\t\t<\/div>\n\t\t\t\t<\/div>\n\t\t\t\t\t<\/div>\n\t\t<\/div>\n\t\t\t\t\t\t\t<\/div>\n\t\t<\/section>\n\t\t\t\t\t\t<\/div>\n\t\t\t\t\t<\/div>\n\t\t","protected":false},"excerpt":{"rendered":"<p>\u0130\u015fletme giri\u015f \u00e7\u0131k\u0131\u015f turnikelerinizi tam istedi\u011finiz zamanda istedi\u011finiz s\u00fcreyle \u00e7al\u0131\u015ft\u0131rmak yada durdurmak i\u00e7in CNC ve Siren kontrol sistemleri ile tam senkron \u00e7al\u0131\u015f\u0131r Tatillerde gereksiz \u00e7al\u0131\u015fmay\u0131 ve enerji t\u00fcketimini \u00f6nler. https:\/\/www.tracsy.com.tr\/wp-content\/uploads\/2021\/10\/gatemic-1.mp4https:\/\/www.tracsy.com.tr\/wp-content\/uploads\/2021\/09\/gate2360.mp4<\/p>\n","protected":false},"author":2,"featured_media":0,"parent":0,"menu_order":0,"comment_status":"closed","ping_status":"closed","template":"","meta":[],"yoast_head":"<!-- This site is optimized with the Yoast SEO plugin v17.2.1 - https:\/\/yoast.com\/wordpress\/plugins\/seo\/ -->\n<title>Kap\u0131\/Turnike Kontrol Sistemi -<\/title>\n<meta name=\"robots\" content=\"noindex, follow, max-snippet:-1, max-image-preview:large, max-video-preview:-1\" \/>\n<meta property=\"og:locale\" content=\"tr_TR\" \/>\n<meta property=\"og:type\" content=\"article\" \/>\n<meta property=\"og:title\" content=\"Kap\u0131\/Turnike Kontrol Sistemi -\" \/>\n<meta property=\"og:description\" content=\"\u0130\u015fletme giri\u015f \u00e7\u0131k\u0131\u015f turnikelerinizi tam istedi\u011finiz zamanda istedi\u011finiz s\u00fcreyle \u00e7al\u0131\u015ft\u0131rmak yada durdurmak i\u00e7in CNC ve Siren kontrol sistemleri ile tam senkron \u00e7al\u0131\u015f\u0131r Tatillerde gereksiz \u00e7al\u0131\u015fmay\u0131 ve enerji t\u00fcketimini \u00f6nler. https:\/\/www.tracsy.com.tr\/wp-content\/uploads\/2021\/10\/gatemic-1.mp4https:\/\/www.tracsy.com.tr\/wp-content\/uploads\/2021\/09\/gate2360.mp4\" \/>\n<meta property=\"og:url\" content=\"https:\/\/www.tracsy.com.tr\/index.php\/turnike-kontrol\/\" \/>\n<meta property=\"article:modified_time\" content=\"2021-10-20T21:19:38+00:00\" \/>\n<meta property=\"og:image\" content=\"https:\/\/www.tracsy.com.tr\/wp-content\/uploads\/2021\/09\/gate1-1024x768.jpg\" \/>\n<meta name=\"twitter:card\" content=\"summary_large_image\" \/>\n<meta name=\"twitter:label1\" content=\"Tahmini okuma s\u00fcresi\" \/>\n\t<meta name=\"twitter:data1\" content=\"1 dakika\" \/>\n<script type=\"application\/ld+json\" class=\"yoast-schema-graph\">{\"@context\":\"https:\/\/schema.org\",\"@graph\":[{\"@type\":\"WebSite\",\"@id\":\"https:\/\/www.tracsy.com.tr\/#website\",\"url\":\"https:\/\/www.tracsy.com.tr\/\",\"name\":\"\",\"description\":\"\",\"potentialAction\":[{\"@type\":\"SearchAction\",\"target\":{\"@type\":\"EntryPoint\",\"urlTemplate\":\"https:\/\/www.tracsy.com.tr\/?s={search_term_string}\"},\"query-input\":\"required name=search_term_string\"}],\"inLanguage\":\"tr\"},{\"@type\":\"ImageObject\",\"@id\":\"https:\/\/www.tracsy.com.tr\/index.php\/turnike-kontrol\/#primaryimage\",\"inLanguage\":\"tr\",\"url\":\"https:\/\/www.tracsy.com.tr\/wp-content\/uploads\/2021\/09\/gate1-1024x768.jpg\",\"contentUrl\":\"https:\/\/www.tracsy.com.tr\/wp-content\/uploads\/2021\/09\/gate1-1024x768.jpg\"},{\"@type\":\"WebPage\",\"@id\":\"https:\/\/www.tracsy.com.tr\/index.php\/turnike-kontrol\/#webpage\",\"url\":\"https:\/\/www.tracsy.com.tr\/index.php\/turnike-kontrol\/\",\"name\":\"Kap\\u0131\/Turnike Kontrol Sistemi -\",\"isPartOf\":{\"@id\":\"https:\/\/www.tracsy.com.tr\/#website\"},\"primaryImageOfPage\":{\"@id\":\"https:\/\/www.tracsy.com.tr\/index.php\/turnike-kontrol\/#primaryimage\"},\"datePublished\":\"2021-08-31T21:54:40+00:00\",\"dateModified\":\"2021-10-20T21:19:38+00:00\",\"breadcrumb\":{\"@id\":\"https:\/\/www.tracsy.com.tr\/index.php\/turnike-kontrol\/#breadcrumb\"},\"inLanguage\":\"tr\",\"potentialAction\":[{\"@type\":\"ReadAction\",\"target\":[\"https:\/\/www.tracsy.com.tr\/index.php\/turnike-kontrol\/\"]}]},{\"@type\":\"BreadcrumbList\",\"@id\":\"https:\/\/www.tracsy.com.tr\/index.php\/turnike-kontrol\/#breadcrumb\",\"itemListElement\":[{\"@type\":\"ListItem\",\"position\":1,\"name\":\"Anasayfa\",\"item\":\"https:\/\/www.tracsy.com.tr\/\"},{\"@type\":\"ListItem\",\"position\":2,\"name\":\"Kap\\u0131\/Turnike Kontrol Sistemi\"}]}]}<\/script>\n<!-- \/ Yoast SEO plugin. -->","yoast_head_json":{"title":"Kap\u0131\/Turnike Kontrol Sistemi -","robots":{"index":"noindex","follow":"follow","max-snippet":"max-snippet:-1","max-image-preview":"max-image-preview:large","max-video-preview":"max-video-preview:-1"},"og_locale":"tr_TR","og_type":"article","og_title":"Kap\u0131\/Turnike Kontrol Sistemi -","og_description":"\u0130\u015fletme giri\u015f \u00e7\u0131k\u0131\u015f turnikelerinizi tam istedi\u011finiz zamanda istedi\u011finiz s\u00fcreyle \u00e7al\u0131\u015ft\u0131rmak yada durdurmak i\u00e7in CNC ve Siren kontrol sistemleri ile tam senkron \u00e7al\u0131\u015f\u0131r Tatillerde gereksiz \u00e7al\u0131\u015fmay\u0131 ve enerji t\u00fcketimini \u00f6nler. https:\/\/www.tracsy.com.tr\/wp-content\/uploads\/2021\/10\/gatemic-1.mp4https:\/\/www.tracsy.com.tr\/wp-content\/uploads\/2021\/09\/gate2360.mp4","og_url":"https:\/\/www.tracsy.com.tr\/index.php\/turnike-kontrol\/","article_modified_time":"2021-10-20T21:19:38+00:00","og_image":[{"url":"https:\/\/www.tracsy.com.tr\/wp-content\/uploads\/2021\/09\/gate1-1024x768.jpg"}],"twitter_card":"summary_large_image","twitter_misc":{"Tahmini okuma s\u00fcresi":"1 dakika"},"schema":{"@context":"https:\/\/schema.org","@graph":[{"@type":"WebSite","@id":"https:\/\/www.tracsy.com.tr\/#website","url":"https:\/\/www.tracsy.com.tr\/","name":"","description":"","potentialAction":[{"@type":"SearchAction","target":{"@type":"EntryPoint","urlTemplate":"https:\/\/www.tracsy.com.tr\/?s={search_term_string}"},"query-input":"required name=search_term_string"}],"inLanguage":"tr"},{"@type":"ImageObject","@id":"https:\/\/www.tracsy.com.tr\/index.php\/turnike-kontrol\/#primaryimage","inLanguage":"tr","url":"https:\/\/www.tracsy.com.tr\/wp-content\/uploads\/2021\/09\/gate1-1024x768.jpg","contentUrl":"https:\/\/www.tracsy.com.tr\/wp-content\/uploads\/2021\/09\/gate1-1024x768.jpg"},{"@type":"WebPage","@id":"https:\/\/www.tracsy.com.tr\/index.php\/turnike-kontrol\/#webpage","url":"https:\/\/www.tracsy.com.tr\/index.php\/turnike-kontrol\/","name":"Kap\u0131\/Turnike Kontrol Sistemi -","isPartOf":{"@id":"https:\/\/www.tracsy.com.tr\/#website"},"primaryImageOfPage":{"@id":"https:\/\/www.tracsy.com.tr\/index.php\/turnike-kontrol\/#primaryimage"},"datePublished":"2021-08-31T21:54:40+00:00","dateModified":"2021-10-20T21:19:38+00:00","breadcrumb":{"@id":"https:\/\/www.tracsy.com.tr\/index.php\/turnike-kontrol\/#breadcrumb"},"inLanguage":"tr","potentialAction":[{"@type":"ReadAction","target":["https:\/\/www.tracsy.com.tr\/index.php\/turnike-kontrol\/"]}]},{"@type":"BreadcrumbList","@id":"https:\/\/www.tracsy.com.tr\/index.php\/turnike-kontrol\/#breadcrumb","itemListElement":[{"@type":"ListItem","position":1,"name":"Anasayfa","item":"https:\/\/www.tracsy.com.tr\/"},{"@type":"ListItem","position":2,"name":"Kap\u0131\/Turnike Kontrol Sistemi"}]}]}},"_links":{"self":[{"href":"https:\/\/www.tracsy.com.tr\/index.php\/wp-json\/wp\/v2\/pages\/65"}],"collection":[{"href":"https:\/\/www.tracsy.com.tr\/index.php\/wp-json\/wp\/v2\/pages"}],"about":[{"href":"https:\/\/www.tracsy.com.tr\/index.php\/wp-json\/wp\/v2\/types\/page"}],"author":[{"embeddable":true,"href":"https:\/\/www.tracsy.com.tr\/index.php\/wp-json\/wp\/v2\/users\/2"}],"replies":[{"embeddable":true,"href":"https:\/\/www.tracsy.com.tr\/index.php\/wp-json\/wp\/v2\/comments?post=65"}],"version-history":[{"count":76,"href":"https:\/\/www.tracsy.com.tr\/index.php\/wp-json\/wp\/v2\/pages\/65\/revisions"}],"predecessor-version":[{"id":642,"href":"https:\/\/www.tracsy.com.tr\/index.php\/wp-json\/wp\/v2\/pages\/65\/revisions\/642"}],"wp:attachment":[{"href":"https:\/\/www.tracsy.com.tr\/index.php\/wp-json\/wp\/v2\/media?parent=65"}],"curies":[{"name":"wp","href":"https:\/\/api.w.org\/{rel}","templated":true}]}}