{"id":59,"date":"2021-07-22T15:08:16","date_gmt":"2021-07-22T12:08:16","guid":{"rendered":"https:\/\/www.tracsy.com.tr\/?page_id=59"},"modified":"2021-10-20T23:24:02","modified_gmt":"2021-10-20T20:24:02","slug":"cnc-kontrol-sistemi","status":"publish","type":"page","link":"https:\/\/www.tracsy.com.tr\/index.php\/cnc-kontrol-sistemi\/","title":{"rendered":"CNC Kontrol Sistemi"},"content":{"rendered":"\t\t<div data-elementor-type=\"wp-page\" data-elementor-id=\"59\" class=\"elementor elementor-59\" data-elementor-settings=\"[]\">\n\t\t\t\t\t\t\t<div class=\"elementor-section-wrap\">\n\t\t\t\t\t\t\t<section class=\"elementor-section elementor-top-section elementor-element elementor-element-f1efff0 elementor-section-boxed elementor-section-height-default elementor-section-height-default\" data-id=\"f1efff0\" data-element_type=\"section\">\n\t\t\t\t\t\t<div class=\"elementor-container elementor-column-gap-default\">\n\t\t\t\t\t<div class=\"elementor-column elementor-col-100 elementor-top-column elementor-element elementor-element-b77955b\" data-id=\"b77955b\" data-element_type=\"column\">\n\t\t\t<div class=\"elementor-widget-wrap elementor-element-populated\">\n\t\t\t\t\t\t\t\t<div class=\"elementor-element elementor-element-6ae4f0c elementor-widget elementor-widget-text-editor\" data-id=\"6ae4f0c\" data-element_type=\"widget\" data-widget_type=\"text-editor.default\">\n\t\t\t\t<div class=\"elementor-widget-container\">\n\t\t\t\t\t\t\t<h6>Operat\u00f6re y\u00fck getirmez, veriyi tezgahtan al\u0131r<\/h6><h6>\u00a0<\/h6><h6>Personel \u00e7al\u0131\u015fma disiplinini artt\u0131r\u0131r<\/h6><h6>\u00a0<\/h6><h6>E\u011fitimi 10 dk. s\u00fcrer, kullan\u0131m\u0131 son derece basittir<\/h6><h6>\u00a0<\/h6><h6>Siren\/Zil \u2013 Kap\u0131\/Turnike kontrol sistemleri ile senkronize \u00e7al\u0131\u015f\u0131r<\/h6><h6>\u00a0<\/h6><h6>Ka\u011f\u0131d\u0131 ortadan kald\u0131r\u0131r<\/h6><h6>\u00a0<\/h6><h6>Par\u00e7a programlar\u0131n\u0131 saklar, direkt tezgahlara y\u00fckler (kart ta\u015f\u0131may\u0131 ortadan kald\u0131r\u0131r)<\/h6><h6>\u00a0<\/h6><h6>Tezgah\u0131n \u00e7al\u0131\u015fmas\u0131n\u0131 saniye saniyesine takip eder, kay\u0131t alt\u0131na al\u0131r<\/h6><h6>\u00a0<\/h6><h6>Operat\u00f6r\u00fcn \u00e7al\u0131\u015fmas\u0131n\u0131 saniye saniyesine takip eder, kay\u0131t alt\u0131na al\u0131r<\/h6><h6>\u00a0<\/h6><h6>ERP sistemine \u00fcretim bilgileri anl\u0131k aktar\u0131l\u0131r<\/h6><h6>\u00a0<\/h6><h6>Anl\u0131k ve g\u00fcn sonu detayl\u0131 rapor \u00fcretir\u00a0<\/h6>\t\t\t\t\t\t<\/div>\n\t\t\t\t<\/div>\n\t\t\t\t\t<\/div>\n\t\t<\/div>\n\t\t\t\t\t\t\t<\/div>\n\t\t<\/section>\n\t\t\t\t<section class=\"elementor-section elementor-top-section elementor-element elementor-element-329c799 elementor-section-boxed elementor-section-height-default elementor-section-height-default\" data-id=\"329c799\" data-element_type=\"section\">\n\t\t\t\t\t\t<div class=\"elementor-container elementor-column-gap-default\">\n\t\t\t\t\t<div class=\"elementor-column elementor-col-100 elementor-top-column elementor-element elementor-element-33b34f3\" data-id=\"33b34f3\" data-element_type=\"column\">\n\t\t\t<div class=\"elementor-widget-wrap elementor-element-populated\">\n\t\t\t\t\t\t\t\t<div class=\"elementor-element elementor-element-fc7c3ff elementor-widget elementor-widget-image\" data-id=\"fc7c3ff\" data-element_type=\"widget\" data-widget_type=\"image.default\">\n\t\t\t\t<div class=\"elementor-widget-container\">\n\t\t\t\t\t\t\t\t\t\t\t\t\t\t\t<img decoding=\"async\" width=\"1024\" height=\"576\" src=\"https:\/\/www.tracsy.com.tr\/wp-content\/uploads\/2021\/10\/toplu-copy-2-1024x576.jpg\" class=\"attachment-large size-large\" alt=\"\" loading=\"lazy\" srcset=\"https:\/\/www.tracsy.com.tr\/wp-content\/uploads\/2021\/10\/toplu-copy-2-1024x576.jpg 1024w, https:\/\/www.tracsy.com.tr\/wp-content\/uploads\/2021\/10\/toplu-copy-2-300x169.jpg 300w, https:\/\/www.tracsy.com.tr\/wp-content\/uploads\/2021\/10\/toplu-copy-2-768x432.jpg 768w, https:\/\/www.tracsy.com.tr\/wp-content\/uploads\/2021\/10\/toplu-copy-2-1536x864.jpg 1536w, https:\/\/www.tracsy.com.tr\/wp-content\/uploads\/2021\/10\/toplu-copy-2.jpg 1920w\" sizes=\"(max-width: 1024px) 100vw, 1024px\" \/>\t\t\t\t\t\t\t\t\t\t\t\t\t\t\t<\/div>\n\t\t\t\t<\/div>\n\t\t\t\t\t<\/div>\n\t\t<\/div>\n\t\t\t\t\t\t\t<\/div>\n\t\t<\/section>\n\t\t\t\t<section class=\"elementor-section elementor-top-section elementor-element elementor-element-46df971 elementor-section-boxed elementor-section-height-default elementor-section-height-default\" data-id=\"46df971\" data-element_type=\"section\">\n\t\t\t\t\t\t<div class=\"elementor-container elementor-column-gap-default\">\n\t\t\t\t\t<div class=\"elementor-column elementor-col-100 elementor-top-column elementor-element elementor-element-3d70867\" data-id=\"3d70867\" data-element_type=\"column\">\n\t\t\t<div class=\"elementor-widget-wrap elementor-element-populated\">\n\t\t\t\t\t\t\t\t<div class=\"elementor-element elementor-element-dc67707 elementor-widget elementor-widget-image\" data-id=\"dc67707\" data-element_type=\"widget\" data-widget_type=\"image.default\">\n\t\t\t\t<div class=\"elementor-widget-container\">\n\t\t\t\t\t\t\t\t\t\t\t\t\t\t\t<img decoding=\"async\" src=\"https:\/\/www.tracsy.com.tr\/wp-content\/uploads\/elementor\/thumbs\/1-scaled-pdqe0rjdjnn4c3wb1ul8g39091ti24v9qd0r5h1kg0.jpg\" title=\"1\" alt=\"1\" \/>\t\t\t\t\t\t\t\t\t\t\t\t\t\t\t<\/div>\n\t\t\t\t<\/div>\n\t\t\t\t\t<\/div>\n\t\t<\/div>\n\t\t\t\t\t\t\t<\/div>\n\t\t<\/section>\n\t\t\t\t<section class=\"elementor-section elementor-top-section elementor-element elementor-element-d33c93d elementor-section-boxed elementor-section-height-default elementor-section-height-default\" data-id=\"d33c93d\" data-element_type=\"section\">\n\t\t\t\t\t\t<div class=\"elementor-container elementor-column-gap-default\">\n\t\t\t\t\t<div class=\"elementor-column elementor-col-100 elementor-top-column elementor-element elementor-element-b80e160\" data-id=\"b80e160\" data-element_type=\"column\">\n\t\t\t<div class=\"elementor-widget-wrap elementor-element-populated\">\n\t\t\t\t\t\t\t\t<div class=\"elementor-element elementor-element-66fb3e1 elementor-widget__width-initial elementor-aspect-ratio-169 elementor-widget elementor-widget-video\" data-id=\"66fb3e1\" data-element_type=\"widget\" data-settings=\"{&quot;video_type&quot;:&quot;hosted&quot;,&quot;autoplay&quot;:&quot;yes&quot;,&quot;play_on_mobile&quot;:&quot;yes&quot;,&quot;loop&quot;:&quot;yes&quot;,&quot;aspect_ratio&quot;:&quot;169&quot;}\" data-widget_type=\"video.default\">\n\t\t\t\t<div class=\"elementor-widget-container\">\n\t\t\t\t\t<div class=\"e-hosted-video elementor-wrapper elementor-fit-aspect-ratio elementor-open-inline\">\n\t\t\t\t\t<video class=\"elementor-video\" src=\"https:\/\/www.tracsy.com.tr\/wp-content\/uploads\/2021\/09\/cnc1yavas.mp4\" autoplay=\"\" loop=\"\" playsinline=\"\" controlsList=\"nodownload\"><\/video>\n\t\t\t\t<\/div>\n\t\t\t\t<\/div>\n\t\t\t\t<\/div>\n\t\t\t\t\t<\/div>\n\t\t<\/div>\n\t\t\t\t\t\t\t<\/div>\n\t\t<\/section>\n\t\t\t\t\t\t<\/div>\n\t\t\t\t\t<\/div>\n\t\t","protected":false},"excerpt":{"rendered":"<p>Operat\u00f6re y\u00fck getirmez, veriyi tezgahtan al\u0131r \u00a0 Personel \u00e7al\u0131\u015fma disiplinini artt\u0131r\u0131r \u00a0 E\u011fitimi 10 dk. s\u00fcrer, kullan\u0131m\u0131 son derece basittir \u00a0 Siren\/Zil \u2013 Kap\u0131\/Turnike kontrol sistemleri ile senkronize \u00e7al\u0131\u015f\u0131r \u00a0 Ka\u011f\u0131d\u0131 ortadan kald\u0131r\u0131r \u00a0 Par\u00e7a programlar\u0131n\u0131 saklar, direkt tezgahlara y\u00fckler (kart ta\u015f\u0131may\u0131 ortadan kald\u0131r\u0131r) \u00a0 Tezgah\u0131n \u00e7al\u0131\u015fmas\u0131n\u0131 saniye saniyesine takip eder, kay\u0131t alt\u0131na al\u0131r \u00a0 [&hellip;]<\/p>\n","protected":false},"author":1,"featured_media":0,"parent":0,"menu_order":0,"comment_status":"closed","ping_status":"closed","template":"","meta":[],"yoast_head":"<!-- This site is optimized with the Yoast SEO plugin v17.2.1 - https:\/\/yoast.com\/wordpress\/plugins\/seo\/ -->\n<title>CNC Kontrol Sistemi -<\/title>\n<meta name=\"robots\" content=\"noindex, follow, max-snippet:-1, max-image-preview:large, max-video-preview:-1\" \/>\n<meta property=\"og:locale\" content=\"tr_TR\" \/>\n<meta property=\"og:type\" content=\"article\" \/>\n<meta property=\"og:title\" content=\"CNC Kontrol Sistemi -\" \/>\n<meta property=\"og:description\" content=\"Operat\u00f6re y\u00fck getirmez, veriyi tezgahtan al\u0131r \u00a0 Personel \u00e7al\u0131\u015fma disiplinini artt\u0131r\u0131r \u00a0 E\u011fitimi 10 dk. s\u00fcrer, kullan\u0131m\u0131 son derece basittir \u00a0 Siren\/Zil \u2013 Kap\u0131\/Turnike kontrol sistemleri ile senkronize \u00e7al\u0131\u015f\u0131r \u00a0 Ka\u011f\u0131d\u0131 ortadan kald\u0131r\u0131r \u00a0 Par\u00e7a programlar\u0131n\u0131 saklar, direkt tezgahlara y\u00fckler (kart ta\u015f\u0131may\u0131 ortadan kald\u0131r\u0131r) \u00a0 Tezgah\u0131n \u00e7al\u0131\u015fmas\u0131n\u0131 saniye saniyesine takip eder, kay\u0131t alt\u0131na al\u0131r \u00a0 [&hellip;]\" \/>\n<meta property=\"og:url\" content=\"https:\/\/www.tracsy.com.tr\/index.php\/cnc-kontrol-sistemi\/\" \/>\n<meta property=\"article:modified_time\" content=\"2021-10-20T20:24:02+00:00\" \/>\n<meta property=\"og:image\" content=\"https:\/\/www.tracsy.com.tr\/wp-content\/uploads\/2021\/10\/toplu-copy-2-1024x576.jpg\" \/>\n<meta name=\"twitter:card\" content=\"summary_large_image\" \/>\n<meta name=\"twitter:label1\" content=\"Tahmini okuma s\u00fcresi\" \/>\n\t<meta name=\"twitter:data1\" content=\"1 dakika\" \/>\n<script type=\"application\/ld+json\" class=\"yoast-schema-graph\">{\"@context\":\"https:\/\/schema.org\",\"@graph\":[{\"@type\":\"WebSite\",\"@id\":\"https:\/\/www.tracsy.com.tr\/#website\",\"url\":\"https:\/\/www.tracsy.com.tr\/\",\"name\":\"\",\"description\":\"\",\"potentialAction\":[{\"@type\":\"SearchAction\",\"target\":{\"@type\":\"EntryPoint\",\"urlTemplate\":\"https:\/\/www.tracsy.com.tr\/?s={search_term_string}\"},\"query-input\":\"required name=search_term_string\"}],\"inLanguage\":\"tr\"},{\"@type\":\"ImageObject\",\"@id\":\"https:\/\/www.tracsy.com.tr\/index.php\/cnc-kontrol-sistemi\/#primaryimage\",\"inLanguage\":\"tr\",\"url\":\"https:\/\/www.tracsy.com.tr\/wp-content\/uploads\/2021\/10\/toplu-copy-2.jpg\",\"contentUrl\":\"https:\/\/www.tracsy.com.tr\/wp-content\/uploads\/2021\/10\/toplu-copy-2.jpg\",\"width\":1920,\"height\":1080},{\"@type\":\"WebPage\",\"@id\":\"https:\/\/www.tracsy.com.tr\/index.php\/cnc-kontrol-sistemi\/#webpage\",\"url\":\"https:\/\/www.tracsy.com.tr\/index.php\/cnc-kontrol-sistemi\/\",\"name\":\"CNC Kontrol Sistemi -\",\"isPartOf\":{\"@id\":\"https:\/\/www.tracsy.com.tr\/#website\"},\"primaryImageOfPage\":{\"@id\":\"https:\/\/www.tracsy.com.tr\/index.php\/cnc-kontrol-sistemi\/#primaryimage\"},\"datePublished\":\"2021-07-22T12:08:16+00:00\",\"dateModified\":\"2021-10-20T20:24:02+00:00\",\"breadcrumb\":{\"@id\":\"https:\/\/www.tracsy.com.tr\/index.php\/cnc-kontrol-sistemi\/#breadcrumb\"},\"inLanguage\":\"tr\",\"potentialAction\":[{\"@type\":\"ReadAction\",\"target\":[\"https:\/\/www.tracsy.com.tr\/index.php\/cnc-kontrol-sistemi\/\"]}]},{\"@type\":\"BreadcrumbList\",\"@id\":\"https:\/\/www.tracsy.com.tr\/index.php\/cnc-kontrol-sistemi\/#breadcrumb\",\"itemListElement\":[{\"@type\":\"ListItem\",\"position\":1,\"name\":\"Anasayfa\",\"item\":\"https:\/\/www.tracsy.com.tr\/\"},{\"@type\":\"ListItem\",\"position\":2,\"name\":\"CNC Kontrol Sistemi\"}]}]}<\/script>\n<!-- \/ Yoast SEO plugin. -->","yoast_head_json":{"title":"CNC Kontrol Sistemi -","robots":{"index":"noindex","follow":"follow","max-snippet":"max-snippet:-1","max-image-preview":"max-image-preview:large","max-video-preview":"max-video-preview:-1"},"og_locale":"tr_TR","og_type":"article","og_title":"CNC Kontrol Sistemi -","og_description":"Operat\u00f6re y\u00fck getirmez, veriyi tezgahtan al\u0131r \u00a0 Personel \u00e7al\u0131\u015fma disiplinini artt\u0131r\u0131r \u00a0 E\u011fitimi 10 dk. s\u00fcrer, kullan\u0131m\u0131 son derece basittir \u00a0 Siren\/Zil \u2013 Kap\u0131\/Turnike kontrol sistemleri ile senkronize \u00e7al\u0131\u015f\u0131r \u00a0 Ka\u011f\u0131d\u0131 ortadan kald\u0131r\u0131r \u00a0 Par\u00e7a programlar\u0131n\u0131 saklar, direkt tezgahlara y\u00fckler (kart ta\u015f\u0131may\u0131 ortadan kald\u0131r\u0131r) \u00a0 Tezgah\u0131n \u00e7al\u0131\u015fmas\u0131n\u0131 saniye saniyesine takip eder, kay\u0131t alt\u0131na al\u0131r \u00a0 [&hellip;]","og_url":"https:\/\/www.tracsy.com.tr\/index.php\/cnc-kontrol-sistemi\/","article_modified_time":"2021-10-20T20:24:02+00:00","og_image":[{"url":"https:\/\/www.tracsy.com.tr\/wp-content\/uploads\/2021\/10\/toplu-copy-2-1024x576.jpg"}],"twitter_card":"summary_large_image","twitter_misc":{"Tahmini okuma s\u00fcresi":"1 dakika"},"schema":{"@context":"https:\/\/schema.org","@graph":[{"@type":"WebSite","@id":"https:\/\/www.tracsy.com.tr\/#website","url":"https:\/\/www.tracsy.com.tr\/","name":"","description":"","potentialAction":[{"@type":"SearchAction","target":{"@type":"EntryPoint","urlTemplate":"https:\/\/www.tracsy.com.tr\/?s={search_term_string}"},"query-input":"required name=search_term_string"}],"inLanguage":"tr"},{"@type":"ImageObject","@id":"https:\/\/www.tracsy.com.tr\/index.php\/cnc-kontrol-sistemi\/#primaryimage","inLanguage":"tr","url":"https:\/\/www.tracsy.com.tr\/wp-content\/uploads\/2021\/10\/toplu-copy-2.jpg","contentUrl":"https:\/\/www.tracsy.com.tr\/wp-content\/uploads\/2021\/10\/toplu-copy-2.jpg","width":1920,"height":1080},{"@type":"WebPage","@id":"https:\/\/www.tracsy.com.tr\/index.php\/cnc-kontrol-sistemi\/#webpage","url":"https:\/\/www.tracsy.com.tr\/index.php\/cnc-kontrol-sistemi\/","name":"CNC Kontrol Sistemi -","isPartOf":{"@id":"https:\/\/www.tracsy.com.tr\/#website"},"primaryImageOfPage":{"@id":"https:\/\/www.tracsy.com.tr\/index.php\/cnc-kontrol-sistemi\/#primaryimage"},"datePublished":"2021-07-22T12:08:16+00:00","dateModified":"2021-10-20T20:24:02+00:00","breadcrumb":{"@id":"https:\/\/www.tracsy.com.tr\/index.php\/cnc-kontrol-sistemi\/#breadcrumb"},"inLanguage":"tr","potentialAction":[{"@type":"ReadAction","target":["https:\/\/www.tracsy.com.tr\/index.php\/cnc-kontrol-sistemi\/"]}]},{"@type":"BreadcrumbList","@id":"https:\/\/www.tracsy.com.tr\/index.php\/cnc-kontrol-sistemi\/#breadcrumb","itemListElement":[{"@type":"ListItem","position":1,"name":"Anasayfa","item":"https:\/\/www.tracsy.com.tr\/"},{"@type":"ListItem","position":2,"name":"CNC Kontrol Sistemi"}]}]}},"_links":{"self":[{"href":"https:\/\/www.tracsy.com.tr\/index.php\/wp-json\/wp\/v2\/pages\/59"}],"collection":[{"href":"https:\/\/www.tracsy.com.tr\/index.php\/wp-json\/wp\/v2\/pages"}],"about":[{"href":"https:\/\/www.tracsy.com.tr\/index.php\/wp-json\/wp\/v2\/types\/page"}],"author":[{"embeddable":true,"href":"https:\/\/www.tracsy.com.tr\/index.php\/wp-json\/wp\/v2\/users\/1"}],"replies":[{"embeddable":true,"href":"https:\/\/www.tracsy.com.tr\/index.php\/wp-json\/wp\/v2\/comments?post=59"}],"version-history":[{"count":107,"href":"https:\/\/www.tracsy.com.tr\/index.php\/wp-json\/wp\/v2\/pages\/59\/revisions"}],"predecessor-version":[{"id":643,"href":"https:\/\/www.tracsy.com.tr\/index.php\/wp-json\/wp\/v2\/pages\/59\/revisions\/643"}],"wp:attachment":[{"href":"https:\/\/www.tracsy.com.tr\/index.php\/wp-json\/wp\/v2\/media?parent=59"}],"curies":[{"name":"wp","href":"https:\/\/api.w.org\/{rel}","templated":true}]}}