{"id":14,"date":"2021-07-08T10:37:28","date_gmt":"2021-07-08T07:37:28","guid":{"rendered":"https:\/\/www.tracsy.com.tr\/index.php\/home\/"},"modified":"2021-12-04T19:56:50","modified_gmt":"2021-12-04T16:56:50","slug":"home","status":"publish","type":"page","link":"https:\/\/www.tracsy.com.tr\/","title":{"rendered":"Tracsy Otomasyon"},"content":{"rendered":"\n<p>\u0130\u015fletmelerin her zamanki do\u011fal hedefi kar maksimizasyonu iken g\u00fcn\u00fcm\u00fcz\u00fcn \u00f6ne \u00e7\u0131kan zorlay\u0131c\u0131 f\u0131rsat\u0131 maliyet minimizasyonu.<\/p>\n\n\n\n<p>\u00c7al\u0131\u015fanlar ve makineleri \u2018bili\u015flendirerek\u2019 (bili\u015fim ile bulu\u015fturarak) \u00fcretti\u011fimiz, End\u00fcstri 4.0\u2019a ge\u00e7i\u015fi sa\u011flayan y\u00fcksek teknoloji otomasyon \u00fcr\u00fcnlerimizle, i\u015fletmelere verimlilik, kazan\u00e7 ve avantaj sa\u011fl\u0131yoruz.<\/p>\n\n\n\n<p>Gelin sizin i\u015fletmenizi de bili\u015flendirelim, rekabet dolu pazarda ko\u015farken bir prangan\u0131zdan daha kurtulun.<\/p>\n","protected":false},"excerpt":{"rendered":"<p>\u0130\u015fletmelerin her zamanki do\u011fal hedefi kar maksimizasyonu iken g\u00fcn\u00fcm\u00fcz\u00fcn \u00f6ne \u00e7\u0131kan zorlay\u0131c\u0131 f\u0131rsat\u0131 maliyet minimizasyonu. \u00c7al\u0131\u015fanlar ve makineleri \u2018bili\u015flendirerek\u2019 (bili\u015fim ile bulu\u015fturarak) \u00fcretti\u011fimiz, End\u00fcstri 4.0\u2019a ge\u00e7i\u015fi sa\u011flayan y\u00fcksek teknoloji otomasyon \u00fcr\u00fcnlerimizle, i\u015fletmelere verimlilik, kazan\u00e7 ve avantaj sa\u011fl\u0131yoruz. Gelin sizin i\u015fletmenizi de bili\u015flendirelim, rekabet dolu pazarda ko\u015farken bir prangan\u0131zdan daha kurtulun.<\/p>\n","protected":false},"author":1,"featured_media":0,"parent":0,"menu_order":0,"comment_status":"closed","ping_status":"closed","template":"templates\/template-frontpage.php","meta":[],"yoast_head":"<!-- This site is optimized with the Yoast SEO plugin v17.2.1 - https:\/\/yoast.com\/wordpress\/plugins\/seo\/ -->\n<title>Tracsy Otomasyon -<\/title>\n<meta name=\"robots\" content=\"noindex, follow, max-snippet:-1, max-image-preview:large, max-video-preview:-1\" \/>\n<meta property=\"og:locale\" content=\"tr_TR\" \/>\n<meta property=\"og:type\" content=\"article\" \/>\n<meta property=\"og:title\" content=\"Tracsy Otomasyon -\" \/>\n<meta property=\"og:description\" content=\"\u0130\u015fletmelerin her zamanki do\u011fal hedefi kar maksimizasyonu iken g\u00fcn\u00fcm\u00fcz\u00fcn \u00f6ne \u00e7\u0131kan zorlay\u0131c\u0131 f\u0131rsat\u0131 maliyet minimizasyonu. \u00c7al\u0131\u015fanlar ve makineleri \u2018bili\u015flendirerek\u2019 (bili\u015fim ile bulu\u015fturarak) \u00fcretti\u011fimiz, End\u00fcstri 4.0\u2019a ge\u00e7i\u015fi sa\u011flayan y\u00fcksek teknoloji otomasyon \u00fcr\u00fcnlerimizle, i\u015fletmelere verimlilik, kazan\u00e7 ve avantaj sa\u011fl\u0131yoruz. Gelin sizin i\u015fletmenizi de bili\u015flendirelim, rekabet dolu pazarda ko\u015farken bir prangan\u0131zdan daha kurtulun.\" \/>\n<meta property=\"og:url\" content=\"https:\/\/www.tracsy.com.tr\/\" \/>\n<meta property=\"article:modified_time\" content=\"2021-12-04T16:56:50+00:00\" \/>\n<meta name=\"twitter:card\" content=\"summary_large_image\" \/>\n<meta name=\"twitter:label1\" content=\"Tahmini okuma s\u00fcresi\" \/>\n\t<meta name=\"twitter:data1\" content=\"1 dakika\" \/>\n<script type=\"application\/ld+json\" class=\"yoast-schema-graph\">{\"@context\":\"https:\/\/schema.org\",\"@graph\":[{\"@type\":\"WebSite\",\"@id\":\"https:\/\/www.tracsy.com.tr\/#website\",\"url\":\"https:\/\/www.tracsy.com.tr\/\",\"name\":\"\",\"description\":\"\",\"potentialAction\":[{\"@type\":\"SearchAction\",\"target\":{\"@type\":\"EntryPoint\",\"urlTemplate\":\"https:\/\/www.tracsy.com.tr\/?s={search_term_string}\"},\"query-input\":\"required name=search_term_string\"}],\"inLanguage\":\"tr\"},{\"@type\":[\"WebPage\",\"AboutPage\"],\"@id\":\"https:\/\/www.tracsy.com.tr\/#webpage\",\"url\":\"https:\/\/www.tracsy.com.tr\/\",\"name\":\"Tracsy Otomasyon -\",\"isPartOf\":{\"@id\":\"https:\/\/www.tracsy.com.tr\/#website\"},\"datePublished\":\"2021-07-08T07:37:28+00:00\",\"dateModified\":\"2021-12-04T16:56:50+00:00\",\"breadcrumb\":{\"@id\":\"https:\/\/www.tracsy.com.tr\/#breadcrumb\"},\"inLanguage\":\"tr\",\"potentialAction\":[{\"@type\":\"ReadAction\",\"target\":[\"https:\/\/www.tracsy.com.tr\/\"]}]},{\"@type\":\"BreadcrumbList\",\"@id\":\"https:\/\/www.tracsy.com.tr\/#breadcrumb\",\"itemListElement\":[{\"@type\":\"ListItem\",\"position\":1,\"name\":\"Anasayfa\",\"item\":\"https:\/\/www.tracsy.com.tr\/\"},{\"@type\":\"ListItem\",\"position\":2,\"name\":\"Tracsy Otomasyon\"}]}]}<\/script>\n<!-- \/ Yoast SEO plugin. -->","yoast_head_json":{"title":"Tracsy Otomasyon -","robots":{"index":"noindex","follow":"follow","max-snippet":"max-snippet:-1","max-image-preview":"max-image-preview:large","max-video-preview":"max-video-preview:-1"},"og_locale":"tr_TR","og_type":"article","og_title":"Tracsy Otomasyon -","og_description":"\u0130\u015fletmelerin her zamanki do\u011fal hedefi kar maksimizasyonu iken g\u00fcn\u00fcm\u00fcz\u00fcn \u00f6ne \u00e7\u0131kan zorlay\u0131c\u0131 f\u0131rsat\u0131 maliyet minimizasyonu. \u00c7al\u0131\u015fanlar ve makineleri \u2018bili\u015flendirerek\u2019 (bili\u015fim ile bulu\u015fturarak) \u00fcretti\u011fimiz, End\u00fcstri 4.0\u2019a ge\u00e7i\u015fi sa\u011flayan y\u00fcksek teknoloji otomasyon \u00fcr\u00fcnlerimizle, i\u015fletmelere verimlilik, kazan\u00e7 ve avantaj sa\u011fl\u0131yoruz. Gelin sizin i\u015fletmenizi de bili\u015flendirelim, rekabet dolu pazarda ko\u015farken bir prangan\u0131zdan daha kurtulun.","og_url":"https:\/\/www.tracsy.com.tr\/","article_modified_time":"2021-12-04T16:56:50+00:00","twitter_card":"summary_large_image","twitter_misc":{"Tahmini okuma s\u00fcresi":"1 dakika"},"schema":{"@context":"https:\/\/schema.org","@graph":[{"@type":"WebSite","@id":"https:\/\/www.tracsy.com.tr\/#website","url":"https:\/\/www.tracsy.com.tr\/","name":"","description":"","potentialAction":[{"@type":"SearchAction","target":{"@type":"EntryPoint","urlTemplate":"https:\/\/www.tracsy.com.tr\/?s={search_term_string}"},"query-input":"required name=search_term_string"}],"inLanguage":"tr"},{"@type":["WebPage","AboutPage"],"@id":"https:\/\/www.tracsy.com.tr\/#webpage","url":"https:\/\/www.tracsy.com.tr\/","name":"Tracsy Otomasyon -","isPartOf":{"@id":"https:\/\/www.tracsy.com.tr\/#website"},"datePublished":"2021-07-08T07:37:28+00:00","dateModified":"2021-12-04T16:56:50+00:00","breadcrumb":{"@id":"https:\/\/www.tracsy.com.tr\/#breadcrumb"},"inLanguage":"tr","potentialAction":[{"@type":"ReadAction","target":["https:\/\/www.tracsy.com.tr\/"]}]},{"@type":"BreadcrumbList","@id":"https:\/\/www.tracsy.com.tr\/#breadcrumb","itemListElement":[{"@type":"ListItem","position":1,"name":"Anasayfa","item":"https:\/\/www.tracsy.com.tr\/"},{"@type":"ListItem","position":2,"name":"Tracsy Otomasyon"}]}]}},"_links":{"self":[{"href":"https:\/\/www.tracsy.com.tr\/index.php\/wp-json\/wp\/v2\/pages\/14"}],"collection":[{"href":"https:\/\/www.tracsy.com.tr\/index.php\/wp-json\/wp\/v2\/pages"}],"about":[{"href":"https:\/\/www.tracsy.com.tr\/index.php\/wp-json\/wp\/v2\/types\/page"}],"author":[{"embeddable":true,"href":"https:\/\/www.tracsy.com.tr\/index.php\/wp-json\/wp\/v2\/users\/1"}],"replies":[{"embeddable":true,"href":"https:\/\/www.tracsy.com.tr\/index.php\/wp-json\/wp\/v2\/comments?post=14"}],"version-history":[{"count":5,"href":"https:\/\/www.tracsy.com.tr\/index.php\/wp-json\/wp\/v2\/pages\/14\/revisions"}],"predecessor-version":[{"id":446,"href":"https:\/\/www.tracsy.com.tr\/index.php\/wp-json\/wp\/v2\/pages\/14\/revisions\/446"}],"wp:attachment":[{"href":"https:\/\/www.tracsy.com.tr\/index.php\/wp-json\/wp\/v2\/media?parent=14"}],"curies":[{"name":"wp","href":"https:\/\/api.w.org\/{rel}","templated":true}]}}